{"id":4769,"date":"2025-09-30T22:49:48","date_gmt":"2025-10-01T01:49:48","guid":{"rendered":"https:\/\/neoyama.com.br\/d\/?page_id=4769"},"modified":"2025-09-30T23:13:27","modified_gmt":"2025-10-01T02:13:27","slug":"termos-de-proposta-comercial","status":"publish","type":"page","link":"https:\/\/neoyama.com.br\/d\/termos-de-proposta-comercial\/","title":{"rendered":"Termos de proposta\u00a0comercial"},"content":{"rendered":"\t\t<div data-elementor-type=\"wp-page\" data-elementor-id=\"4769\" class=\"elementor elementor-4769\" data-elementor-post-type=\"page\">\n\t\t\t\t<div class=\"elementor-element elementor-element-0beab6a e-flex e-con-boxed e-con e-parent\" data-id=\"0beab6a\" data-element_type=\"container\" data-e-type=\"container\" data-settings=\"{&quot;background_background&quot;:&quot;classic&quot;}\">\n\t\t\t\t\t<div class=\"e-con-inner\">\n\t\t<div class=\"elementor-element elementor-element-e726824 e-con-full e-flex e-con e-child\" data-id=\"e726824\" data-element_type=\"container\" data-e-type=\"container\">\n\t\t\t\t<div class=\"elementor-element elementor-element-ccdb8ee elementor-widget elementor-widget-heading\" data-id=\"ccdb8ee\" data-element_type=\"widget\" data-e-type=\"widget\" data-widget_type=\"heading.default\">\n\t\t\t\t\t<h6 class=\"elementor-heading-title elementor-size-default\">NEOYAMA INDUSTRIA E COMERCIO DE ELETROELETRONICOS LTDA<\/h6>\t\t\t\t<\/div>\n\t\t\t\t<\/div>\n\t\t\t\t\t<\/div>\n\t\t\t\t<\/div>\n\t\t<div class=\"elementor-element elementor-element-248511a e-flex e-con-boxed e-con e-parent\" data-id=\"248511a\" data-element_type=\"container\" data-e-type=\"container\">\n\t\t\t\t\t<div class=\"e-con-inner\">\n\t\t<div class=\"elementor-element elementor-element-e1c3fe5 e-con-full e-flex e-con e-child\" data-id=\"e1c3fe5\" data-element_type=\"container\" data-e-type=\"container\">\n\t\t\t\t<div class=\"elementor-element elementor-element-a2e8ae1 elementor-widget elementor-widget-heading\" data-id=\"a2e8ae1\" data-element_type=\"widget\" data-e-type=\"widget\" data-widget_type=\"heading.default\">\n\t\t\t\t\t<h2 class=\"elementor-heading-title elementor-size-default\">TERMOS ESSENCIAIS DA PROPOSTA COMERCIAL<\/h2>\t\t\t\t<\/div>\n\t\t\t\t<div class=\"elementor-element elementor-element-d9f4413 elementor-widget-divider--view-line elementor-widget elementor-widget-divider\" data-id=\"d9f4413\" data-element_type=\"widget\" data-e-type=\"widget\" data-widget_type=\"divider.default\">\n\t\t\t\t\t\t\t<div class=\"elementor-divider\">\n\t\t\t<span class=\"elementor-divider-separator\">\n\t\t\t\t\t\t<\/span>\n\t\t<\/div>\n\t\t\t\t\t\t<\/div>\n\t\t\t\t<div class=\"elementor-element elementor-element-4292cad elementor-widget elementor-widget-text-editor\" data-id=\"4292cad\" data-element_type=\"widget\" data-e-type=\"widget\" data-widget_type=\"text-editor.default\">\n\t\t\t\t\t\t\t\t\t<p>Ao formalizar o pedido objeto da presente Proposta Comercial, a COMPRADORA declara, expressamente, ter ci\u00eancia e concordar com os seguintes termos e condi\u00e7\u00f5es:<\/p>\t\t\t\t\t\t\t\t<\/div>\n\t\t\t\t<\/div>\n\t\t\t\t\t<\/div>\n\t\t\t\t<\/div>\n\t\t<div class=\"elementor-element elementor-element-f9ed6b7 e-flex e-con-boxed e-con e-parent\" data-id=\"f9ed6b7\" data-element_type=\"container\" data-e-type=\"container\">\n\t\t\t\t\t<div class=\"e-con-inner\">\n\t\t<div class=\"elementor-element elementor-element-457575b e-con-full e-flex e-con e-child\" data-id=\"457575b\" data-element_type=\"container\" data-e-type=\"container\">\n\t\t\t\t<div class=\"elementor-element elementor-element-ff5567d elementor-widget elementor-widget-heading\" data-id=\"ff5567d\" data-element_type=\"widget\" data-e-type=\"widget\" data-widget_type=\"heading.default\">\n\t\t\t\t\t<h2 class=\"elementor-heading-title elementor-size-default\">1. VINCULA\u00c7\u00c3O AO TERMO DE COMPRA E VENDA<\/h2>\t\t\t\t<\/div>\n\t\t\t\t<div class=\"elementor-element elementor-element-ddcb377 elementor-widget-divider--view-line elementor-widget elementor-widget-divider\" data-id=\"ddcb377\" data-element_type=\"widget\" data-e-type=\"widget\" data-widget_type=\"divider.default\">\n\t\t\t\t\t\t\t<div class=\"elementor-divider\">\n\t\t\t<span class=\"elementor-divider-separator\">\n\t\t\t\t\t\t<\/span>\n\t\t<\/div>\n\t\t\t\t\t\t<\/div>\n\t\t\t\t<div class=\"elementor-element elementor-element-ed76875 elementor-widget elementor-widget-text-editor\" data-id=\"ed76875\" data-element_type=\"widget\" data-e-type=\"widget\" data-widget_type=\"text-editor.default\">\n\t\t\t\t\t\t\t\t\t<p>A <strong>COMPRADORA<\/strong> declara que teve pleno acesso e ci\u00eancia das disposi\u00e7\u00f5es constantes do <strong>Termo de Compra e Venda<\/strong> da <strong>NEOYAMA<\/strong>, dispon\u00edvel no link: <a href=\"https:\/\/shorturl.at\/3rnOn\" target=\"_blank\" rel=\"noopener\">https:\/\/shorturl.at\/3rnOn<\/a>, ao qual se obriga integralmente, passando a reger, em complemento a esta Proposta, a rela\u00e7\u00e3o jur\u00eddica entre as partes.<\/p>\t\t\t\t\t\t\t\t<\/div>\n\t\t\t\t<\/div>\n\t\t\t\t\t<\/div>\n\t\t\t\t<\/div>\n\t\t<div class=\"elementor-element elementor-element-b69b00f e-flex e-con-boxed e-con e-parent\" data-id=\"b69b00f\" data-element_type=\"container\" data-e-type=\"container\">\n\t\t\t\t\t<div class=\"e-con-inner\">\n\t\t<div class=\"elementor-element elementor-element-1adc879 e-con-full e-flex e-con e-child\" data-id=\"1adc879\" data-element_type=\"container\" data-e-type=\"container\">\n\t\t\t\t<div class=\"elementor-element elementor-element-ee5572b elementor-widget elementor-widget-heading\" data-id=\"ee5572b\" data-element_type=\"widget\" data-e-type=\"widget\" data-widget_type=\"heading.default\">\n\t\t\t\t\t<h2 class=\"elementor-heading-title elementor-size-default\">2. AUS\u00caNCIA DE CONSULTORIA T\u00c9CNICA<\/h2>\t\t\t\t<\/div>\n\t\t\t\t<div class=\"elementor-element elementor-element-8666f3e elementor-widget-divider--view-line elementor-widget elementor-widget-divider\" data-id=\"8666f3e\" data-element_type=\"widget\" data-e-type=\"widget\" data-widget_type=\"divider.default\">\n\t\t\t\t\t\t\t<div class=\"elementor-divider\">\n\t\t\t<span class=\"elementor-divider-separator\">\n\t\t\t\t\t\t<\/span>\n\t\t<\/div>\n\t\t\t\t\t\t<\/div>\n\t\t\t\t<div class=\"elementor-element elementor-element-6cd1442 elementor-widget elementor-widget-text-editor\" data-id=\"6cd1442\" data-element_type=\"widget\" data-e-type=\"widget\" data-widget_type=\"text-editor.default\">\n\t\t\t\t\t\t\t\t\t<p>A empresa <strong>NEOYAMA<\/strong> se dedica exclusivamente \u00e0 distribui\u00e7\u00e3o de produtos e equipamentos, n\u00e3o estando inclu\u00eddos em seu escopo servi\u00e7os de consultoria em automa\u00e7\u00e3o.<br \/>Em raz\u00e3o disso, cabe exclusivamente \u00e0 <strong>COMPRADORA<\/strong> a avalia\u00e7\u00e3o t\u00e9cnica, especifica\u00e7\u00e3o, aprova\u00e7\u00e3o e medi\u00e7\u00e3o dos produtos ora cotados, inclusive aqueles fornecidos sob encomenda. Tais produtos n\u00e3o est\u00e3o sujeitos \u00e0 troca ou devolu\u00e7\u00e3o posterior, exceto nos termos previstos na pol\u00edtica de trocas e devolu\u00e7\u00f5es da <strong>NEOYAMA<\/strong>.<\/p>\t\t\t\t\t\t\t\t<\/div>\n\t\t\t\t<\/div>\n\t\t\t\t\t<\/div>\n\t\t\t\t<\/div>\n\t\t<div class=\"elementor-element elementor-element-f71f1f3 e-flex e-con-boxed e-con e-parent\" data-id=\"f71f1f3\" data-element_type=\"container\" data-e-type=\"container\">\n\t\t\t\t\t<div class=\"e-con-inner\">\n\t\t<div class=\"elementor-element elementor-element-507060d e-con-full e-flex e-con e-child\" data-id=\"507060d\" data-element_type=\"container\" data-e-type=\"container\">\n\t\t\t\t<div class=\"elementor-element elementor-element-3e6e991 elementor-widget elementor-widget-heading\" data-id=\"3e6e991\" data-element_type=\"widget\" data-e-type=\"widget\" data-widget_type=\"heading.default\">\n\t\t\t\t\t<h2 class=\"elementor-heading-title elementor-size-default\">3. PRODUTOS SOB ENCOMENDA E POL\u00cdTICA DE CANCELAMENTO<\/h2>\t\t\t\t<\/div>\n\t\t\t\t<div class=\"elementor-element elementor-element-7b177ca elementor-widget-divider--view-line elementor-widget elementor-widget-divider\" data-id=\"7b177ca\" data-element_type=\"widget\" data-e-type=\"widget\" data-widget_type=\"divider.default\">\n\t\t\t\t\t\t\t<div class=\"elementor-divider\">\n\t\t\t<span class=\"elementor-divider-separator\">\n\t\t\t\t\t\t<\/span>\n\t\t<\/div>\n\t\t\t\t\t\t<\/div>\n\t\t\t\t<div class=\"elementor-element elementor-element-af80efb elementor-widget elementor-widget-text-editor\" data-id=\"af80efb\" data-element_type=\"widget\" data-e-type=\"widget\" data-widget_type=\"text-editor.default\">\n\t\t\t\t\t\t\t\t\t<p>Os produtos ofertados nesta Proposta s\u00e3o importados por encomenda espec\u00edfica, fabricados e adquiridos exclusivamente para atender ao pedido da <strong>COMPRADORA<\/strong>.<\/p><p>Dessa forma, qualquer cancelamento posterior \u00e0 formaliza\u00e7\u00e3o do pedido, independentemente do motivo, acarretar\u00e1 a necessidade do pagamento, pela <strong>COMPRADORA<\/strong>, de indeniza\u00e7\u00e3o equivalente a 50% (cinquenta por cento) do valor total da compra, a t\u00edtulo de compensa\u00e7\u00e3o pelas despesas incorridas com o fornecimento e com a taxa de importa\u00e7\u00e3o.<\/p><p>Tal indeniza\u00e7\u00e3o poder\u00e1 ser deduzida de valores eventualmente pagos pela <strong>COMPRADORA<\/strong> at\u00e9 a data do cancelamento.<\/p>\t\t\t\t\t\t\t\t<\/div>\n\t\t\t\t<\/div>\n\t\t\t\t\t<\/div>\n\t\t\t\t<\/div>\n\t\t<div class=\"elementor-element elementor-element-fa63e6f e-flex e-con-boxed e-con e-parent\" data-id=\"fa63e6f\" data-element_type=\"container\" data-e-type=\"container\">\n\t\t\t\t\t<div class=\"e-con-inner\">\n\t\t<div class=\"elementor-element elementor-element-a271c99 e-con-full e-flex e-con e-child\" data-id=\"a271c99\" data-element_type=\"container\" data-e-type=\"container\">\n\t\t\t\t<div class=\"elementor-element elementor-element-f2a110c elementor-widget elementor-widget-heading\" data-id=\"f2a110c\" data-element_type=\"widget\" data-e-type=\"widget\" data-widget_type=\"heading.default\">\n\t\t\t\t\t<h2 class=\"elementor-heading-title elementor-size-default\">4. REGRAS ESPEC\u00cdFICAS ATINENTES AO PRAZO DE ENTREGA<\/h2>\t\t\t\t<\/div>\n\t\t\t\t<div class=\"elementor-element elementor-element-870f76d elementor-widget-divider--view-line elementor-widget elementor-widget-divider\" data-id=\"870f76d\" data-element_type=\"widget\" data-e-type=\"widget\" data-widget_type=\"divider.default\">\n\t\t\t\t\t\t\t<div class=\"elementor-divider\">\n\t\t\t<span class=\"elementor-divider-separator\">\n\t\t\t\t\t\t<\/span>\n\t\t<\/div>\n\t\t\t\t\t\t<\/div>\n\t\t\t\t<div class=\"elementor-element elementor-element-f24d331 elementor-widget elementor-widget-text-editor\" data-id=\"f24d331\" data-element_type=\"widget\" data-e-type=\"widget\" data-widget_type=\"text-editor.default\">\n\t\t\t\t\t\t\t\t\t<p>A entrega dos equipamentos ser\u00e1 realizada conforme prazo estimado informado na presente Proposta, o qual poder\u00e1 sofrer varia\u00e7\u00f5es em raz\u00e3o de: consolida\u00e7\u00e3o de pedido m\u00ednimo (MOQ) junto ao fabricante; prazos de fabrica\u00e7\u00e3o; consolida\u00e7\u00e3o de carga e desembara\u00e7o aduaneiro; e tempo de frete internacional, incluindo o procedimento de desembara\u00e7o aduaneiro e libera\u00e7\u00e3o da carga.<\/p><p>A <strong>NEOYAMA<\/strong> n\u00e3o poder\u00e1 ser responsabilizada por atrasos decorrentes de fatos externos ao seu controle, incluindo atrasos alfandeg\u00e1rios ou log\u00edsticos de fornecedores e transportadoras internacionais.<\/p><p>A <strong>COMPRADORA<\/strong> declara ter ci\u00eancia de que eventual atraso n\u00e3o imput\u00e1vel \u00e0 <strong>NEOYAMA<\/strong> n\u00e3o configura descumprimento contratual e n\u00e3o autoriza o cancelamento do pedido sem a necessidade do pagamento dos valores devidos a t\u00edtulo de indeniza\u00e7\u00e3o, na forma prevista nesta Proposta.<\/p><p>A <strong>NEOYAMA<\/strong> compromete-se a manter a <strong>COMPRADORA<\/strong> informada acerca da situa\u00e7\u00e3o do pedido sempre que houver solicita\u00e7\u00e3o formal, fornecendo estimativas atualizadas de entrega de acordo com as informa\u00e7\u00f5es prestadas por seus fornecedores e operadores log\u00edsticos.<\/p>\t\t\t\t\t\t\t\t<\/div>\n\t\t\t\t<\/div>\n\t\t\t\t\t<\/div>\n\t\t\t\t<\/div>\n\t\t\t\t<\/div>\n\t\t","protected":false},"excerpt":{"rendered":"<p>NEOYAMA INDUSTRIA E COMERCIO DE ELETROELETRONICOS LTDA TERMOS ESSENCIAIS DA PROPOSTA COMERCIAL Ao formalizar o pedido objeto da presente Proposta Comercial, a COMPRADORA declara, expressamente, ter ci\u00eancia e concordar com os seguintes termos e condi\u00e7\u00f5es: 1. VINCULA\u00c7\u00c3O AO TERMO DE COMPRA E VENDA A COMPRADORA declara que teve pleno acesso e ci\u00eancia das disposi\u00e7\u00f5es constantes [&hellip;]<\/p>\n","protected":false},"author":2,"featured_media":0,"parent":0,"menu_order":0,"comment_status":"closed","ping_status":"closed","template":"elementor_header_footer","meta":{"inline_featured_image":false,"footnotes":""},"class_list":["post-4769","page","type-page","status-publish","hentry"],"_links":{"self":[{"href":"https:\/\/neoyama.com.br\/d\/wp-json\/wp\/v2\/pages\/4769","targetHints":{"allow":["GET"]}}],"collection":[{"href":"https:\/\/neoyama.com.br\/d\/wp-json\/wp\/v2\/pages"}],"about":[{"href":"https:\/\/neoyama.com.br\/d\/wp-json\/wp\/v2\/types\/page"}],"author":[{"embeddable":true,"href":"https:\/\/neoyama.com.br\/d\/wp-json\/wp\/v2\/users\/2"}],"replies":[{"embeddable":true,"href":"https:\/\/neoyama.com.br\/d\/wp-json\/wp\/v2\/comments?post=4769"}],"version-history":[{"count":7,"href":"https:\/\/neoyama.com.br\/d\/wp-json\/wp\/v2\/pages\/4769\/revisions"}],"predecessor-version":[{"id":4777,"href":"https:\/\/neoyama.com.br\/d\/wp-json\/wp\/v2\/pages\/4769\/revisions\/4777"}],"wp:attachment":[{"href":"https:\/\/neoyama.com.br\/d\/wp-json\/wp\/v2\/media?parent=4769"}],"curies":[{"name":"wp","href":"https:\/\/api.w.org\/{rel}","templated":true}]}}